{"id":544,"date":"2024-02-19T17:09:50","date_gmt":"2024-02-19T16:09:50","guid":{"rendered":"https:\/\/gethej.com\/about-us\/"},"modified":"2024-02-23T11:39:28","modified_gmt":"2024-02-23T10:39:28","slug":"uber-uns","status":"publish","type":"page","link":"https:\/\/gethej.com\/de\/uber-uns\/","title":{"rendered":"\u00dcber uns"},"content":{"rendered":"\t\t<div data-elementor-type=\"wp-page\" data-elementor-id=\"544\" class=\"elementor elementor-544 elementor-229\" data-elementor-post-type=\"page\">\n\t\t\t\t<div class=\"elementor-element elementor-element-a2fa50f e-flex e-con-boxed e-con e-parent\" data-id=\"a2fa50f\" data-element_type=\"container\" data-settings=\"{&quot;background_background&quot;:&quot;video&quot;}\">\n\t\t\t\t\t<div class=\"e-con-inner\">\n\t\t<div class=\"elementor-element elementor-element-a70142b e-con-full e-flex e-con e-child\" data-id=\"a70142b\" data-element_type=\"container\">\n\t\t<div class=\"elementor-element elementor-element-8174730 e-con-full e-flex e-con e-child\" data-id=\"8174730\" data-element_type=\"container\">\n\t\t\t\t<div class=\"elementor-element elementor-element-d103327 elementor-widget elementor-widget-heading\" data-id=\"d103327\" data-element_type=\"widget\" data-widget_type=\"heading.default\">\n\t\t\t\t<div class=\"elementor-widget-container\">\n\t\t\t<style>\/*! elementor - v3.22.0 - 24-06-2024 *\/\n.elementor-heading-title{padding:0;margin:0;line-height:1}.elementor-widget-heading .elementor-heading-title[class*=elementor-size-]>a{color:inherit;font-size:inherit;line-height:inherit}.elementor-widget-heading .elementor-heading-title.elementor-size-small{font-size:15px}.elementor-widget-heading .elementor-heading-title.elementor-size-medium{font-size:19px}.elementor-widget-heading .elementor-heading-title.elementor-size-large{font-size:29px}.elementor-widget-heading .elementor-heading-title.elementor-size-xl{font-size:39px}.elementor-widget-heading .elementor-heading-title.elementor-size-xxl{font-size:59px}<\/style><h1 class=\"elementor-heading-title elementor-size-default\">Unsere Mission<\/h1>\t\t<\/div>\n\t\t\t\t<\/div>\n\t\t\t\t<div class=\"elementor-element elementor-element-76ace2f elementor-widget elementor-widget-heading\" data-id=\"76ace2f\" data-element_type=\"widget\" data-widget_type=\"heading.default\">\n\t\t\t\t<div class=\"elementor-widget-container\">\n\t\t\t<h2 class=\"elementor-heading-title elementor-size-default\">Mit unseren Tools wollen wir Menschen im Kundenkontakt helfen, ihre Arbeit wertvoller zu machen und in Folge mehr Anerkennung zu bekommen.<\/h2>\t\t<\/div>\n\t\t\t\t<\/div>\n\t\t\t\t<\/div>\n\t\t\t\t<\/div>\n\t\t\t\t\t<\/div>\n\t\t\t\t<\/div>\n\t\t<div class=\"elementor-element elementor-element-2115fa2 e-flex e-con-boxed e-con e-parent\" data-id=\"2115fa2\" data-element_type=\"container\" data-settings=\"{&quot;background_background&quot;:&quot;classic&quot;}\">\n\t\t\t\t\t<div class=\"e-con-inner\">\n\t\t<div class=\"elementor-element elementor-element-8d8cfd8 e-flex e-con-boxed e-con e-child\" data-id=\"8d8cfd8\" data-element_type=\"container\">\n\t\t\t\t\t<div class=\"e-con-inner\">\n\t\t<div class=\"elementor-element elementor-element-5d1ac3e e-flex e-con-boxed e-con e-child\" data-id=\"5d1ac3e\" data-element_type=\"container\">\n\t\t\t\t\t<div class=\"e-con-inner\">\n\t\t\t\t<div class=\"elementor-element elementor-element-addddcf elementor-widget elementor-widget-heading\" data-id=\"addddcf\" data-element_type=\"widget\" data-widget_type=\"heading.default\">\n\t\t\t\t<div class=\"elementor-widget-container\">\n\t\t\t<h3 class=\"elementor-heading-title elementor-size-default\">\u00dcber uns<\/h3>\t\t<\/div>\n\t\t\t\t<\/div>\n\t\t\t\t<div class=\"elementor-element elementor-element-cc33d07 elementor-widget-divider--view-line elementor-widget elementor-widget-divider\" data-id=\"cc33d07\" data-element_type=\"widget\" data-widget_type=\"divider.default\">\n\t\t\t\t<div class=\"elementor-widget-container\">\n\t\t\t<style>\/*! elementor - v3.22.0 - 24-06-2024 *\/\n.elementor-widget-divider{--divider-border-style:none;--divider-border-width:1px;--divider-color:#0c0d0e;--divider-icon-size:20px;--divider-element-spacing:10px;--divider-pattern-height:24px;--divider-pattern-size:20px;--divider-pattern-url:none;--divider-pattern-repeat:repeat-x}.elementor-widget-divider .elementor-divider{display:flex}.elementor-widget-divider .elementor-divider__text{font-size:15px;line-height:1;max-width:95%}.elementor-widget-divider .elementor-divider__element{margin:0 var(--divider-element-spacing);flex-shrink:0}.elementor-widget-divider .elementor-icon{font-size:var(--divider-icon-size)}.elementor-widget-divider .elementor-divider-separator{display:flex;margin:0;direction:ltr}.elementor-widget-divider--view-line_icon .elementor-divider-separator,.elementor-widget-divider--view-line_text .elementor-divider-separator{align-items:center}.elementor-widget-divider--view-line_icon .elementor-divider-separator:after,.elementor-widget-divider--view-line_icon .elementor-divider-separator:before,.elementor-widget-divider--view-line_text .elementor-divider-separator:after,.elementor-widget-divider--view-line_text .elementor-divider-separator:before{display:block;content:\"\";border-block-end:0;flex-grow:1;border-block-start:var(--divider-border-width) var(--divider-border-style) var(--divider-color)}.elementor-widget-divider--element-align-left .elementor-divider .elementor-divider-separator>.elementor-divider__svg:first-of-type{flex-grow:0;flex-shrink:100}.elementor-widget-divider--element-align-left .elementor-divider-separator:before{content:none}.elementor-widget-divider--element-align-left .elementor-divider__element{margin-left:0}.elementor-widget-divider--element-align-right .elementor-divider .elementor-divider-separator>.elementor-divider__svg:last-of-type{flex-grow:0;flex-shrink:100}.elementor-widget-divider--element-align-right .elementor-divider-separator:after{content:none}.elementor-widget-divider--element-align-right .elementor-divider__element{margin-right:0}.elementor-widget-divider--element-align-start .elementor-divider .elementor-divider-separator>.elementor-divider__svg:first-of-type{flex-grow:0;flex-shrink:100}.elementor-widget-divider--element-align-start .elementor-divider-separator:before{content:none}.elementor-widget-divider--element-align-start .elementor-divider__element{margin-inline-start:0}.elementor-widget-divider--element-align-end .elementor-divider .elementor-divider-separator>.elementor-divider__svg:last-of-type{flex-grow:0;flex-shrink:100}.elementor-widget-divider--element-align-end .elementor-divider-separator:after{content:none}.elementor-widget-divider--element-align-end .elementor-divider__element{margin-inline-end:0}.elementor-widget-divider:not(.elementor-widget-divider--view-line_text):not(.elementor-widget-divider--view-line_icon) .elementor-divider-separator{border-block-start:var(--divider-border-width) var(--divider-border-style) var(--divider-color)}.elementor-widget-divider--separator-type-pattern{--divider-border-style:none}.elementor-widget-divider--separator-type-pattern.elementor-widget-divider--view-line .elementor-divider-separator,.elementor-widget-divider--separator-type-pattern:not(.elementor-widget-divider--view-line) .elementor-divider-separator:after,.elementor-widget-divider--separator-type-pattern:not(.elementor-widget-divider--view-line) .elementor-divider-separator:before,.elementor-widget-divider--separator-type-pattern:not([class*=elementor-widget-divider--view]) .elementor-divider-separator{width:100%;min-height:var(--divider-pattern-height);-webkit-mask-size:var(--divider-pattern-size) 100%;mask-size:var(--divider-pattern-size) 100%;-webkit-mask-repeat:var(--divider-pattern-repeat);mask-repeat:var(--divider-pattern-repeat);background-color:var(--divider-color);-webkit-mask-image:var(--divider-pattern-url);mask-image:var(--divider-pattern-url)}.elementor-widget-divider--no-spacing{--divider-pattern-size:auto}.elementor-widget-divider--bg-round{--divider-pattern-repeat:round}.rtl .elementor-widget-divider .elementor-divider__text{direction:rtl}.e-con-inner>.elementor-widget-divider,.e-con>.elementor-widget-divider{width:var(--container-widget-width,100%);--flex-grow:var(--container-widget-flex-grow)}<\/style>\t\t<div class=\"elementor-divider\">\n\t\t\t<span class=\"elementor-divider-separator\">\n\t\t\t\t\t\t<\/span>\n\t\t<\/div>\n\t\t\t\t<\/div>\n\t\t\t\t<\/div>\n\t\t\t\t\t<\/div>\n\t\t\t\t<\/div>\n\t\t<div class=\"elementor-element elementor-element-5f446a7 e-flex e-con-boxed e-con e-child\" data-id=\"5f446a7\" data-element_type=\"container\">\n\t\t\t\t\t<div class=\"e-con-inner\">\n\t\t<div class=\"elementor-element elementor-element-7b0b75d e-flex e-con-boxed e-con e-child\" data-id=\"7b0b75d\" data-element_type=\"container\">\n\t\t\t\t\t<div class=\"e-con-inner\">\n\t\t\t\t<div class=\"elementor-element elementor-element-a31f7ed elementor-widget elementor-widget-heading\" data-id=\"a31f7ed\" data-element_type=\"widget\" data-widget_type=\"heading.default\">\n\t\t\t\t<div class=\"elementor-widget-container\">\n\t\t\t<h6 class=\"elementor-heading-title elementor-size-default\">Was wir tun<\/h6>\t\t<\/div>\n\t\t\t\t<\/div>\n\t\t\t\t<div class=\"elementor-element elementor-element-d6581b5 elementor-widget-divider--view-line elementor-widget elementor-widget-divider\" data-id=\"d6581b5\" data-element_type=\"widget\" data-widget_type=\"divider.default\">\n\t\t\t\t<div class=\"elementor-widget-container\">\n\t\t\t\t\t<div class=\"elementor-divider\">\n\t\t\t<span class=\"elementor-divider-separator\">\n\t\t\t\t\t\t<\/span>\n\t\t<\/div>\n\t\t\t\t<\/div>\n\t\t\t\t<\/div>\n\t\t\t\t<div class=\"elementor-element elementor-element-7d192bc elementor-widget elementor-widget-text-editor\" data-id=\"7d192bc\" data-element_type=\"widget\" data-widget_type=\"text-editor.default\">\n\t\t\t\t<div class=\"elementor-widget-container\">\n\t\t\t<style>\/*! elementor - v3.22.0 - 24-06-2024 *\/\n.elementor-widget-text-editor.elementor-drop-cap-view-stacked .elementor-drop-cap{background-color:#69727d;color:#fff}.elementor-widget-text-editor.elementor-drop-cap-view-framed .elementor-drop-cap{color:#69727d;border:3px solid;background-color:transparent}.elementor-widget-text-editor:not(.elementor-drop-cap-view-default) .elementor-drop-cap{margin-top:8px}.elementor-widget-text-editor:not(.elementor-drop-cap-view-default) .elementor-drop-cap-letter{width:1em;height:1em}.elementor-widget-text-editor .elementor-drop-cap{float:left;text-align:center;line-height:1;font-size:50px}.elementor-widget-text-editor .elementor-drop-cap-letter{display:inline-block}<\/style>\t\t\t\tWir helfen Anrufe und Follow-up Workflows smart zu automatisieren und mit CRM-Tools zu integrieren. Unsere Software-as-a-Service-L\u00f6sungen funktionieren sofort nach Installation, ohne aufwendige Konfiguration oder Consulting.\t\t\t\t\t\t<\/div>\n\t\t\t\t<\/div>\n\t\t\t\t\t<\/div>\n\t\t\t\t<\/div>\n\t\t<div class=\"elementor-element elementor-element-7e05b8c e-flex e-con-boxed e-con e-child\" data-id=\"7e05b8c\" data-element_type=\"container\">\n\t\t\t\t\t<div class=\"e-con-inner\">\n\t\t\t\t<div class=\"elementor-element elementor-element-38626af elementor-widget elementor-widget-heading\" data-id=\"38626af\" data-element_type=\"widget\" data-widget_type=\"heading.default\">\n\t\t\t\t<div class=\"elementor-widget-container\">\n\t\t\t<h6 class=\"elementor-heading-title elementor-size-default\">Warum wir tun, was wir tun<\/h6>\t\t<\/div>\n\t\t\t\t<\/div>\n\t\t\t\t<div class=\"elementor-element elementor-element-b8a3716 elementor-widget-divider--view-line elementor-widget elementor-widget-divider\" data-id=\"b8a3716\" data-element_type=\"widget\" data-widget_type=\"divider.default\">\n\t\t\t\t<div class=\"elementor-widget-container\">\n\t\t\t\t\t<div class=\"elementor-divider\">\n\t\t\t<span class=\"elementor-divider-separator\">\n\t\t\t\t\t\t<\/span>\n\t\t<\/div>\n\t\t\t\t<\/div>\n\t\t\t\t<\/div>\n\t\t\t\t<div class=\"elementor-element elementor-element-2e01b9b elementor-widget elementor-widget-text-editor\" data-id=\"2e01b9b\" data-element_type=\"widget\" data-widget_type=\"text-editor.default\">\n\t\t\t\t<div class=\"elementor-widget-container\">\n\t\t\t\t\t\t\tT\u00fcchtige Fachleute in Vertrieb und Service sorgen f\u00fcr Kundenerfolg, oft gegen viele Widrigkeiten. Sie verdienen die besten Werkzeuge, um ihre Arbeit wertvoller zu machen und in Folge mehr Anerkennung zu bekommen.\t\t\t\t\t\t<\/div>\n\t\t\t\t<\/div>\n\t\t\t\t\t<\/div>\n\t\t\t\t<\/div>\n\t\t\t\t\t<\/div>\n\t\t\t\t<\/div>\n\t\t<div class=\"elementor-element elementor-element-9be9d0d e-flex e-con-boxed e-con e-child\" data-id=\"9be9d0d\" data-element_type=\"container\">\n\t\t\t\t\t<div class=\"e-con-inner\">\n\t\t<div class=\"elementor-element elementor-element-10a7857 e-flex e-con-boxed e-con e-child\" data-id=\"10a7857\" data-element_type=\"container\">\n\t\t\t\t\t<div class=\"e-con-inner\">\n\t\t\t\t<div class=\"elementor-element elementor-element-206ecd5 elementor-widget elementor-widget-heading\" data-id=\"206ecd5\" data-element_type=\"widget\" data-widget_type=\"heading.default\">\n\t\t\t\t<div class=\"elementor-widget-container\">\n\t\t\t<h6 class=\"elementor-heading-title elementor-size-default\">Woher wir kommen<\/h6>\t\t<\/div>\n\t\t\t\t<\/div>\n\t\t\t\t<div class=\"elementor-element elementor-element-c05b25e elementor-widget-divider--view-line elementor-widget elementor-widget-divider\" data-id=\"c05b25e\" data-element_type=\"widget\" data-widget_type=\"divider.default\">\n\t\t\t\t<div class=\"elementor-widget-container\">\n\t\t\t\t\t<div class=\"elementor-divider\">\n\t\t\t<span class=\"elementor-divider-separator\">\n\t\t\t\t\t\t<\/span>\n\t\t<\/div>\n\t\t\t\t<\/div>\n\t\t\t\t<\/div>\n\t\t\t\t<div class=\"elementor-element elementor-element-3e6473b elementor-widget elementor-widget-text-editor\" data-id=\"3e6473b\" data-element_type=\"widget\" data-widget_type=\"text-editor.default\">\n\t\t\t\t<div class=\"elementor-widget-container\">\n\t\t\t\t\t\t\tAls Consultants und Entwickler realisieren wir passgenaue individuelle L\u00f6sungen f\u00fcr Vertriebs- und Serviceprozesse auf Basis f\u00fchrender CRM-Software. Das gesammelte Wissen \u00fcber sehr \u00e4hnliche Abl\u00e4ufe f\u00fchrte zu L\u00f6sungen, die heute unsere Kunden out-of-the-box nutzen k\u00f6nnen, ohne individuelle Entwicklungen und Wartezeiten.\t\t\t\t\t\t<\/div>\n\t\t\t\t<\/div>\n\t\t\t\t\t<\/div>\n\t\t\t\t<\/div>\n\t\t<div class=\"elementor-element elementor-element-9526ead e-flex e-con-boxed e-con e-child\" data-id=\"9526ead\" data-element_type=\"container\">\n\t\t\t\t\t<div class=\"e-con-inner\">\n\t\t\t\t<div class=\"elementor-element elementor-element-fbdf02a elementor-widget elementor-widget-heading\" data-id=\"fbdf02a\" data-element_type=\"widget\" data-widget_type=\"heading.default\">\n\t\t\t\t<div class=\"elementor-widget-container\">\n\t\t\t<h6 class=\"elementor-heading-title elementor-size-default\">Mitmachen bei Hej<\/h6>\t\t<\/div>\n\t\t\t\t<\/div>\n\t\t\t\t<div class=\"elementor-element elementor-element-9674fff elementor-widget-divider--view-line elementor-widget elementor-widget-divider\" data-id=\"9674fff\" data-element_type=\"widget\" data-widget_type=\"divider.default\">\n\t\t\t\t<div class=\"elementor-widget-container\">\n\t\t\t\t\t<div class=\"elementor-divider\">\n\t\t\t<span class=\"elementor-divider-separator\">\n\t\t\t\t\t\t<\/span>\n\t\t<\/div>\n\t\t\t\t<\/div>\n\t\t\t\t<\/div>\n\t\t\t\t<div class=\"elementor-element elementor-element-0c7792c elementor-widget elementor-widget-text-editor\" data-id=\"0c7792c\" data-element_type=\"widget\" data-widget_type=\"text-editor.default\">\n\t\t\t\t<div class=\"elementor-widget-container\">\n\t\t\t\t\t\t\t\u201eHej\u201c ist Schwedisch f\u00fcr ein \u201eHallo\u201c auf Augenh\u00f6he. Arbeiten ist ein wichtiger Teil des Lebens und soll sinnvoll und selbstbestimmt sein. Bist du interessiert an mitverantwortlichem Arbeiten und an pers\u00f6nlichem Wachstum? Dann melde dich gerne bei uns.\t\t\t\t\t\t<\/div>\n\t\t\t\t<\/div>\n\t\t\t\t\t<\/div>\n\t\t\t\t<\/div>\n\t\t\t\t\t<\/div>\n\t\t\t\t<\/div>\n\t\t\t\t\t<\/div>\n\t\t\t\t<\/div>\n\t\t\t\t\t<\/div>\n\t\t\t\t<\/div>\n\t\t<div class=\"elementor-element elementor-element-c9cb0ff e-flex e-con-boxed e-con e-parent\" data-id=\"c9cb0ff\" data-element_type=\"container\" data-settings=\"{&quot;background_background&quot;:&quot;classic&quot;}\">\n\t\t\t\t\t<div class=\"e-con-inner\">\n\t\t<div class=\"elementor-element elementor-element-ad4d834 e-flex e-con-boxed e-con e-child\" data-id=\"ad4d834\" data-element_type=\"container\">\n\t\t\t\t\t<div class=\"e-con-inner\">\n\t\t<div class=\"elementor-element elementor-element-0fbc94d e-flex e-con-boxed e-con e-child\" data-id=\"0fbc94d\" data-element_type=\"container\">\n\t\t\t\t\t<div class=\"e-con-inner\">\n\t\t\t\t<div class=\"elementor-element elementor-element-25f3590 elementor-widget elementor-widget-heading\" data-id=\"25f3590\" data-element_type=\"widget\" data-widget_type=\"heading.default\">\n\t\t\t\t<div class=\"elementor-widget-container\">\n\t\t\t<h3 class=\"elementor-heading-title elementor-size-default\">Mach mit bei unserer Mission!<\/h3>\t\t<\/div>\n\t\t\t\t<\/div>\n\t\t\t\t<div class=\"elementor-element elementor-element-eacbfb8 elementor-widget-divider--view-line elementor-widget elementor-widget-divider\" data-id=\"eacbfb8\" data-element_type=\"widget\" data-widget_type=\"divider.default\">\n\t\t\t\t<div class=\"elementor-widget-container\">\n\t\t\t\t\t<div class=\"elementor-divider\">\n\t\t\t<span class=\"elementor-divider-separator\">\n\t\t\t\t\t\t<\/span>\n\t\t<\/div>\n\t\t\t\t<\/div>\n\t\t\t\t<\/div>\n\t\t\t\t<div class=\"elementor-element elementor-element-df84d73 elementor-widget elementor-widget-heading\" data-id=\"df84d73\" data-element_type=\"widget\" data-widget_type=\"heading.default\">\n\t\t\t\t<div class=\"elementor-widget-container\">\n\t\t\t<h4 class=\"elementor-heading-title elementor-size-default\">Bist du Developer, UX Designer oder Sales Growth Experte? Nehme Kontakt per LinkedIn auf, dein Ansprechpartner ist Clemens von Dincklage (Gesch\u00e4ftsf\u00fchrer).<\/h4>\t\t<\/div>\n\t\t\t\t<\/div>\n\t\t\t\t\t<\/div>\n\t\t\t\t<\/div>\n\t\t\t\t\t<\/div>\n\t\t\t\t<\/div>\n\t\t\t\t\t<\/div>\n\t\t\t\t<\/div>\n\t\t\t\t<\/div>\n\t\t","protected":false},"excerpt":{"rendered":"<p>Unsere Mission Mit unseren Tools wollen wir Menschen im Kundenkontakt helfen, ihre Arbeit wertvoller zu machen und in Folge mehr Anerkennung zu bekommen. \u00dcber uns Was wir tun Wir helfen Anrufe und Follow-up Workflows smart zu automatisieren und mit CRM-Tools zu integrieren. Unsere Software-as-a-Service-L\u00f6sungen funktionieren sofort nach Installation, ohne aufwendige Konfiguration oder Consulting. Warum wir [&hellip;]<\/p>\n","protected":false},"author":1,"featured_media":0,"parent":0,"menu_order":0,"comment_status":"closed","ping_status":"closed","template":"","meta":{"footnotes":""},"yoast_head":"<!-- This site is optimized with the Yoast SEO plugin v22.9 - https:\/\/yoast.com\/wordpress\/plugins\/seo\/ -->\n<title>\u00dcber uns - Hej Software<\/title>\n<meta name=\"robots\" content=\"index, follow, max-snippet:-1, max-image-preview:large, max-video-preview:-1\" \/>\n<link rel=\"canonical\" href=\"https:\/\/gethej.com\/de\/uber-uns\/\" \/>\n<meta property=\"og:locale\" content=\"de_DE\" \/>\n<meta property=\"og:type\" content=\"article\" \/>\n<meta property=\"og:title\" content=\"\u00dcber uns - Hej Software\" \/>\n<meta property=\"og:description\" content=\"Unsere Mission Mit unseren Tools wollen wir Menschen im Kundenkontakt helfen, ihre Arbeit wertvoller zu machen und in Folge mehr Anerkennung zu bekommen. \u00dcber uns Was wir tun Wir helfen Anrufe und Follow-up Workflows smart zu automatisieren und mit CRM-Tools zu integrieren. Unsere Software-as-a-Service-L\u00f6sungen funktionieren sofort nach Installation, ohne aufwendige Konfiguration oder Consulting. Warum wir [&hellip;]\" \/>\n<meta property=\"og:url\" content=\"https:\/\/gethej.com\/de\/uber-uns\/\" \/>\n<meta property=\"og:site_name\" content=\"Hej CTI \u2013 Perfect Telephony Integration for your CRM\" \/>\n<meta property=\"article:modified_time\" content=\"2024-02-23T10:39:28+00:00\" \/>\n<meta property=\"og:image\" content=\"https:\/\/gethej.com\/wp-content\/uploads\/hej-sales-cti-teaser-for-social-v2-ENG-768x403-1.jpg\" \/>\n\t<meta property=\"og:image:width\" content=\"768\" \/>\n\t<meta property=\"og:image:height\" content=\"403\" \/>\n\t<meta property=\"og:image:type\" content=\"image\/jpeg\" \/>\n<meta name=\"twitter:card\" content=\"summary_large_image\" \/>\n<meta name=\"twitter:label1\" content=\"Gesch\u00e4tzte Lesezeit\" \/>\n\t<meta name=\"twitter:data1\" content=\"2\u00a0Minuten\" \/>\n<script type=\"application\/ld+json\" class=\"yoast-schema-graph\">{\"@context\":\"https:\/\/schema.org\",\"@graph\":[{\"@type\":\"WebPage\",\"@id\":\"https:\/\/gethej.com\/de\/uber-uns\/\",\"url\":\"https:\/\/gethej.com\/de\/uber-uns\/\",\"name\":\"\u00dcber uns - Hej Software\",\"isPartOf\":{\"@id\":\"https:\/\/gethej.com\/de\/#website\"},\"datePublished\":\"2024-02-19T16:09:50+00:00\",\"dateModified\":\"2024-02-23T10:39:28+00:00\",\"breadcrumb\":{\"@id\":\"https:\/\/gethej.com\/de\/uber-uns\/#breadcrumb\"},\"inLanguage\":\"de\",\"potentialAction\":[{\"@type\":\"ReadAction\",\"target\":[\"https:\/\/gethej.com\/de\/uber-uns\/\"]}]},{\"@type\":\"BreadcrumbList\",\"@id\":\"https:\/\/gethej.com\/de\/uber-uns\/#breadcrumb\",\"itemListElement\":[{\"@type\":\"ListItem\",\"position\":1,\"name\":\"Home\",\"item\":\"https:\/\/gethej.com\/de\/\"},{\"@type\":\"ListItem\",\"position\":2,\"name\":\"\u00dcber uns\"}]},{\"@type\":\"WebSite\",\"@id\":\"https:\/\/gethej.com\/de\/#website\",\"url\":\"https:\/\/gethej.com\/de\/\",\"name\":\"Hej CTI \u2013 Perfect Telephony Integration for your CRM\",\"description\":\"Integrates telephony with CRM and optimizes processes in sales and service\",\"publisher\":{\"@id\":\"https:\/\/gethej.com\/de\/#organization\"},\"potentialAction\":[{\"@type\":\"SearchAction\",\"target\":{\"@type\":\"EntryPoint\",\"urlTemplate\":\"https:\/\/gethej.com\/de\/?s={search_term_string}\"},\"query-input\":\"required name=search_term_string\"}],\"inLanguage\":\"de\"},{\"@type\":\"Organization\",\"@id\":\"https:\/\/gethej.com\/de\/#organization\",\"name\":\"Hej Software GmbH\",\"url\":\"https:\/\/gethej.com\/de\/\",\"logo\":{\"@type\":\"ImageObject\",\"inLanguage\":\"de\",\"@id\":\"https:\/\/gethej.com\/de\/#\/schema\/logo\/image\/\",\"url\":\"https:\/\/gethej.com\/wp-content\/uploads\/gethej_logo.jpg\",\"contentUrl\":\"https:\/\/gethej.com\/wp-content\/uploads\/gethej_logo.jpg\",\"width\":200,\"height\":200,\"caption\":\"Hej Software GmbH\"},\"image\":{\"@id\":\"https:\/\/gethej.com\/de\/#\/schema\/logo\/image\/\"}}]}<\/script>\n<!-- \/ Yoast SEO plugin. -->","yoast_head_json":{"title":"\u00dcber uns - Hej Software","robots":{"index":"index","follow":"follow","max-snippet":"max-snippet:-1","max-image-preview":"max-image-preview:large","max-video-preview":"max-video-preview:-1"},"canonical":"https:\/\/gethej.com\/de\/uber-uns\/","og_locale":"de_DE","og_type":"article","og_title":"\u00dcber uns - Hej Software","og_description":"Unsere Mission Mit unseren Tools wollen wir Menschen im Kundenkontakt helfen, ihre Arbeit wertvoller zu machen und in Folge mehr Anerkennung zu bekommen. \u00dcber uns Was wir tun Wir helfen Anrufe und Follow-up Workflows smart zu automatisieren und mit CRM-Tools zu integrieren. Unsere Software-as-a-Service-L\u00f6sungen funktionieren sofort nach Installation, ohne aufwendige Konfiguration oder Consulting. Warum wir [&hellip;]","og_url":"https:\/\/gethej.com\/de\/uber-uns\/","og_site_name":"Hej CTI \u2013 Perfect Telephony Integration for your CRM","article_modified_time":"2024-02-23T10:39:28+00:00","og_image":[{"width":768,"height":403,"url":"https:\/\/gethej.com\/wp-content\/uploads\/hej-sales-cti-teaser-for-social-v2-ENG-768x403-1.jpg","type":"image\/jpeg"}],"twitter_card":"summary_large_image","twitter_misc":{"Gesch\u00e4tzte Lesezeit":"2\u00a0Minuten"},"schema":{"@context":"https:\/\/schema.org","@graph":[{"@type":"WebPage","@id":"https:\/\/gethej.com\/de\/uber-uns\/","url":"https:\/\/gethej.com\/de\/uber-uns\/","name":"\u00dcber uns - Hej Software","isPartOf":{"@id":"https:\/\/gethej.com\/de\/#website"},"datePublished":"2024-02-19T16:09:50+00:00","dateModified":"2024-02-23T10:39:28+00:00","breadcrumb":{"@id":"https:\/\/gethej.com\/de\/uber-uns\/#breadcrumb"},"inLanguage":"de","potentialAction":[{"@type":"ReadAction","target":["https:\/\/gethej.com\/de\/uber-uns\/"]}]},{"@type":"BreadcrumbList","@id":"https:\/\/gethej.com\/de\/uber-uns\/#breadcrumb","itemListElement":[{"@type":"ListItem","position":1,"name":"Home","item":"https:\/\/gethej.com\/de\/"},{"@type":"ListItem","position":2,"name":"\u00dcber uns"}]},{"@type":"WebSite","@id":"https:\/\/gethej.com\/de\/#website","url":"https:\/\/gethej.com\/de\/","name":"Hej CTI \u2013 Perfect Telephony Integration for your CRM","description":"Integrates telephony with CRM and optimizes processes in sales and service","publisher":{"@id":"https:\/\/gethej.com\/de\/#organization"},"potentialAction":[{"@type":"SearchAction","target":{"@type":"EntryPoint","urlTemplate":"https:\/\/gethej.com\/de\/?s={search_term_string}"},"query-input":"required name=search_term_string"}],"inLanguage":"de"},{"@type":"Organization","@id":"https:\/\/gethej.com\/de\/#organization","name":"Hej Software GmbH","url":"https:\/\/gethej.com\/de\/","logo":{"@type":"ImageObject","inLanguage":"de","@id":"https:\/\/gethej.com\/de\/#\/schema\/logo\/image\/","url":"https:\/\/gethej.com\/wp-content\/uploads\/gethej_logo.jpg","contentUrl":"https:\/\/gethej.com\/wp-content\/uploads\/gethej_logo.jpg","width":200,"height":200,"caption":"Hej Software GmbH"},"image":{"@id":"https:\/\/gethej.com\/de\/#\/schema\/logo\/image\/"}}]}},"_links":{"self":[{"href":"https:\/\/gethej.com\/de\/wp-json\/wp\/v2\/pages\/544"}],"collection":[{"href":"https:\/\/gethej.com\/de\/wp-json\/wp\/v2\/pages"}],"about":[{"href":"https:\/\/gethej.com\/de\/wp-json\/wp\/v2\/types\/page"}],"author":[{"embeddable":true,"href":"https:\/\/gethej.com\/de\/wp-json\/wp\/v2\/users\/1"}],"replies":[{"embeddable":true,"href":"https:\/\/gethej.com\/de\/wp-json\/wp\/v2\/comments?post=544"}],"version-history":[{"count":0,"href":"https:\/\/gethej.com\/de\/wp-json\/wp\/v2\/pages\/544\/revisions"}],"wp:attachment":[{"href":"https:\/\/gethej.com\/de\/wp-json\/wp\/v2\/media?parent=544"}],"curies":[{"name":"wp","href":"https:\/\/api.w.org\/{rel}","templated":true}]}}