{"id":554,"date":"2024-02-21T16:24:49","date_gmt":"2024-02-21T15:24:49","guid":{"rendered":"https:\/\/gethej.com\/imprint\/"},"modified":"2024-11-22T10:49:34","modified_gmt":"2024-11-22T09:49:34","slug":"impressum","status":"publish","type":"page","link":"https:\/\/gethej.com\/de\/impressum\/","title":{"rendered":"Impressum"},"content":{"rendered":"\t\t<div data-elementor-type=\"wp-page\" data-elementor-id=\"554\" class=\"elementor elementor-554 elementor-408\" data-elementor-post-type=\"page\">\n\t\t\t\t<div class=\"elementor-element elementor-element-a2fa50f e-flex e-con-boxed e-con e-parent\" data-id=\"a2fa50f\" data-element_type=\"container\" data-settings=\"{&quot;background_background&quot;:&quot;classic&quot;,&quot;shape_divider_bottom&quot;:&quot;tilt&quot;}\">\n\t\t\t\t\t<div class=\"e-con-inner\">\n\t\t\t\t<div class=\"elementor-shape elementor-shape-bottom\" data-negative=\"false\">\n\t\t\t<svg xmlns=\"http:\/\/www.w3.org\/2000\/svg\" viewBox=\"0 0 1000 100\" preserveAspectRatio=\"none\">\n\t<path class=\"elementor-shape-fill\" d=\"M0,6V0h1000v100L0,6z\"\/>\n<\/svg>\t\t<\/div>\n\t\t<div class=\"elementor-element elementor-element-a70142b e-con-full e-flex e-con e-child\" data-id=\"a70142b\" data-element_type=\"container\">\n\t\t<div class=\"elementor-element elementor-element-8174730 e-con-full e-flex e-con e-child\" data-id=\"8174730\" data-element_type=\"container\">\n\t\t\t\t<div class=\"elementor-element elementor-element-d103327 elementor-widget elementor-widget-heading\" data-id=\"d103327\" data-element_type=\"widget\" data-widget_type=\"heading.default\">\n\t\t\t\t<div class=\"elementor-widget-container\">\n\t\t\t<style>\/*! elementor - v3.22.0 - 24-06-2024 *\/\n.elementor-heading-title{padding:0;margin:0;line-height:1}.elementor-widget-heading .elementor-heading-title[class*=elementor-size-]>a{color:inherit;font-size:inherit;line-height:inherit}.elementor-widget-heading .elementor-heading-title.elementor-size-small{font-size:15px}.elementor-widget-heading .elementor-heading-title.elementor-size-medium{font-size:19px}.elementor-widget-heading .elementor-heading-title.elementor-size-large{font-size:29px}.elementor-widget-heading .elementor-heading-title.elementor-size-xl{font-size:39px}.elementor-widget-heading .elementor-heading-title.elementor-size-xxl{font-size:59px}<\/style><h1 class=\"elementor-heading-title elementor-size-default\">Impressum<\/h1>\t\t<\/div>\n\t\t\t\t<\/div>\n\t\t\t\t<\/div>\n\t\t\t\t<\/div>\n\t\t\t\t\t<\/div>\n\t\t\t\t<\/div>\n\t\t<div class=\"elementor-element elementor-element-04cb5f9 e-flex e-con-boxed e-con e-parent\" data-id=\"04cb5f9\" data-element_type=\"container\" data-settings=\"{&quot;background_background&quot;:&quot;classic&quot;}\">\n\t\t\t\t\t<div class=\"e-con-inner\">\n\t\t<div class=\"elementor-element elementor-element-d0de319 e-flex e-con-boxed e-con e-child\" data-id=\"d0de319\" data-element_type=\"container\">\n\t\t\t\t\t<div class=\"e-con-inner\">\n\t\t\t\t<div class=\"elementor-element elementor-element-b7b82d1 elementor-widget elementor-widget-text-editor\" data-id=\"b7b82d1\" data-element_type=\"widget\" data-widget_type=\"text-editor.default\">\n\t\t\t\t<div class=\"elementor-widget-container\">\n\t\t\t<style>\/*! elementor - v3.22.0 - 24-06-2024 *\/\n.elementor-widget-text-editor.elementor-drop-cap-view-stacked .elementor-drop-cap{background-color:#69727d;color:#fff}.elementor-widget-text-editor.elementor-drop-cap-view-framed .elementor-drop-cap{color:#69727d;border:3px solid;background-color:transparent}.elementor-widget-text-editor:not(.elementor-drop-cap-view-default) .elementor-drop-cap{margin-top:8px}.elementor-widget-text-editor:not(.elementor-drop-cap-view-default) .elementor-drop-cap-letter{width:1em;height:1em}.elementor-widget-text-editor .elementor-drop-cap{float:left;text-align:center;line-height:1;font-size:50px}.elementor-widget-text-editor .elementor-drop-cap-letter{display:inline-block}<\/style>\t\t\t\t<h3>Verantwortlicher i.S.d. \u00a7 5 Abs. 1 TMG:<\/h3>\n<p class=\"bodytext\">Hej Software GmbH<br>\nHeilbronner Str. 13<br>\n73728 Esslingen<br>\nGermany<\/p>\n<p class=\"bodytext\"><b>vertreten durch den Gesch\u00e4ftsf\u00fchrer<br>\n<\/b>Clemens von Dincklage<\/p>\n<p class=\"bodytext\"><b>Kontakt<\/b><\/p>\n<p class=\"bodytext\">Telefon: <a href=\"tel:+4971121950540\">+49 711 21950540<\/a><\/p>\n<p class=\"bodytext\">E-Mail: info[at]hejsoftware.com<\/p>\n<p class=\"bodytext\"><b>Registereintrag<\/b><\/p>\n<p class=\"bodytext\">Register: Amtsgericht Stuttgart,&nbsp;HRB 756637<\/p>\n<p class=\"bodytext\">VAT Nummer: DE305982650<\/p>\n<p class=\"bodytext\"><b>Bildmaterial<\/b><\/p>\n<p class=\"bodytext\">Die Nutzung der verwendeten Bilder auf dieser Web Site erfolgt gem\u00e4\u00df den mit https:\/\/elements.envato.com\/ vereinbarten Nutzungsbedingungen. Alle verwendeten Bildmarken werden mit Erlaubnis der jeweiligen Inhaber genutzt.<\/p>\n<p class=\"bodytext\"><b>Haftung f\u00fcr Inhalte<\/b><\/p>\n<p class=\"bodytext\">Die Inhalte unserer Seiten wurden mit gr\u00f6\u00dfter Sorgfalt erstellt. F\u00fcr die Richtigkeit, Vollst\u00e4ndigkeit und Aktualit\u00e4t der Inhalte k\u00f6nnen wir jedoch keine Gew\u00e4hr \u00fcbernehmen. Als Diensteanbieter sind wir gem\u00e4\u00df \u00a7 7 Abs.1 TMG f\u00fcr eigene Inhalte auf diesen Seiten nach den allgemeinen Gesetzen verantwortlich. Nach \u00a7\u00a7 8 bis 10 TMG sind wir als Diensteanbieter jedoch nicht verpflichtet, \u00fcbermittelte oder gespeicherte fremde Informationen zu \u00fcberwachen oder nach Umst\u00e4nden zu forschen, die auf eine rechtswidrige T\u00e4tigkeit hinweisen. Verpflichtungen zur Entfernung oder Sperrung der Nutzung von Informationen nach den allgemeinen Gesetzen bleiben hiervon unber\u00fchrt. Eine diesbez\u00fcgliche Haftung ist jedoch erst ab dem Zeitpunkt der Kenntnis einer konkreten Rechtsverletzung m\u00f6glich. Bei Bekanntwerden von entsprechenden Rechtsverletzungen werden wir diese Inhalte umgehend entfernen.<\/p>\n<p class=\"bodytext\"><b>Haftung f\u00fcr Links<\/b><\/p>\n<p class=\"bodytext\">Unser Angebot enth\u00e4lt Links zu externen Webseiten Dritter, auf deren Inhalte wir keinen Einfluss haben. Deshalb k\u00f6nnen wir f\u00fcr diese\u2028 fremden Inhalte auch keine Gew\u00e4hr \u00fcbernehmen. F\u00fcr die Inhalte der verlinkten Seiten ist stets der jeweilige Anbieter oder Betreiber der \u2028Seiten verantwortlich. Die verlinkten Seiten wurden zum Zeitpunkt der Verlinkung auf m\u00f6gliche Rechtsverst\u00f6\u00dfe \u00fcberpr\u00fcft. Rechtswidrige\u2028 Inhalte waren zum Zeitpunkt der Verlinkung nicht erkennbar. Eine permanente inhaltliche Kontrolle der verlinkten Seiten ist jedoch ohne konkrete Anhaltspunkte einer Rechtsverletzung nicht zumutbar. Bei Bekanntwerden von Rechtsverletzungen werden wir derartige Links umgehend entfernen.<\/p>\t\t\t\t\t\t<\/div>\n\t\t\t\t<\/div>\n\t\t\t\t<div class=\"elementor-element elementor-element-509519e elementor-widget elementor-widget-button\" data-id=\"509519e\" data-element_type=\"widget\" data-widget_type=\"button.default\">\n\t\t\t\t<div class=\"elementor-widget-container\">\n\t\t\t\t\t<div class=\"elementor-button-wrapper\">\n\t\t\t<a class=\"elementor-button elementor-button-link elementor-size-sm\" href=\"https:\/\/gethej.com\/de\/data-privacy\/\">\n\t\t\t\t\t\t<span class=\"elementor-button-content-wrapper\">\n\t\t\t\t\t\t\t\t\t<span class=\"elementor-button-text\">Data Privacy<\/span>\n\t\t\t\t\t<\/span>\n\t\t\t\t\t<\/a>\n\t\t<\/div>\n\t\t\t\t<\/div>\n\t\t\t\t<\/div>\n\t\t\t\t\t<\/div>\n\t\t\t\t<\/div>\n\t\t\t\t\t<\/div>\n\t\t\t\t<\/div>\n\t\t\t\t<\/div>\n\t\t","protected":false},"excerpt":{"rendered":"<p>Impressum Verantwortlicher i.S.d. \u00a7 5 Abs. 1 TMG: Hej Software GmbH Heilbronner Str. 13 73728 Esslingen Germany vertreten durch den Gesch\u00e4ftsf\u00fchrer Clemens von Dincklage Kontakt Telefon: +49 711 21950540 E-Mail: info[at]hejsoftware.com Registereintrag Register: Amtsgericht Stuttgart,&nbsp;HRB 756637 VAT Nummer: DE305982650 Bildmaterial Die Nutzung der verwendeten Bilder auf dieser Web Site erfolgt gem\u00e4\u00df den mit https:\/\/elements.envato.com\/ vereinbarten [&hellip;]<\/p>\n","protected":false},"author":1,"featured_media":0,"parent":0,"menu_order":0,"comment_status":"closed","ping_status":"closed","template":"","meta":{"footnotes":""},"yoast_head":"<!-- This site is optimized with the Yoast SEO plugin v22.9 - https:\/\/yoast.com\/wordpress\/plugins\/seo\/ -->\n<title>Impressum - Hej CTI \u2013 Perfect Telephony Integration for your CRM<\/title>\n<meta name=\"robots\" content=\"index, follow, max-snippet:-1, max-image-preview:large, max-video-preview:-1\" \/>\n<link rel=\"canonical\" href=\"https:\/\/gethej.com\/de\/impressum\/\" \/>\n<meta property=\"og:locale\" content=\"de_DE\" \/>\n<meta property=\"og:type\" content=\"article\" \/>\n<meta property=\"og:title\" content=\"Impressum - Hej CTI \u2013 Perfect Telephony Integration for your CRM\" \/>\n<meta property=\"og:description\" content=\"Impressum Verantwortlicher i.S.d. \u00a7 5 Abs. 1 TMG: Hej Software GmbH Heilbronner Str. 13 73728 Esslingen Germany vertreten durch den Gesch\u00e4ftsf\u00fchrer Clemens von Dincklage Kontakt Telefon: +49 711 21950540 E-Mail: info[at]hejsoftware.com Registereintrag Register: Amtsgericht Stuttgart,&nbsp;HRB 756637 VAT Nummer: DE305982650 Bildmaterial Die Nutzung der verwendeten Bilder auf dieser Web Site erfolgt gem\u00e4\u00df den mit https:\/\/elements.envato.com\/ vereinbarten [&hellip;]\" \/>\n<meta property=\"og:url\" content=\"https:\/\/gethej.com\/de\/impressum\/\" \/>\n<meta property=\"og:site_name\" content=\"Hej CTI \u2013 Perfect Telephony Integration for your CRM\" \/>\n<meta property=\"article:modified_time\" content=\"2024-11-22T09:49:34+00:00\" \/>\n<meta property=\"og:image\" content=\"https:\/\/gethej.com\/wp-content\/uploads\/hej-sales-cti-teaser-for-social-v2-ENG-768x403-1.jpg\" \/>\n\t<meta property=\"og:image:width\" content=\"768\" \/>\n\t<meta property=\"og:image:height\" content=\"403\" \/>\n\t<meta property=\"og:image:type\" content=\"image\/jpeg\" \/>\n<meta name=\"twitter:card\" content=\"summary_large_image\" \/>\n<meta name=\"twitter:label1\" content=\"Gesch\u00e4tzte Lesezeit\" \/>\n\t<meta name=\"twitter:data1\" content=\"2\u00a0Minuten\" \/>\n<script type=\"application\/ld+json\" class=\"yoast-schema-graph\">{\"@context\":\"https:\/\/schema.org\",\"@graph\":[{\"@type\":\"WebPage\",\"@id\":\"https:\/\/gethej.com\/de\/impressum\/\",\"url\":\"https:\/\/gethej.com\/de\/impressum\/\",\"name\":\"Impressum - Hej CTI \u2013 Perfect Telephony Integration for your CRM\",\"isPartOf\":{\"@id\":\"https:\/\/gethej.com\/de\/#website\"},\"datePublished\":\"2024-02-21T15:24:49+00:00\",\"dateModified\":\"2024-11-22T09:49:34+00:00\",\"breadcrumb\":{\"@id\":\"https:\/\/gethej.com\/de\/impressum\/#breadcrumb\"},\"inLanguage\":\"de\",\"potentialAction\":[{\"@type\":\"ReadAction\",\"target\":[\"https:\/\/gethej.com\/de\/impressum\/\"]}]},{\"@type\":\"BreadcrumbList\",\"@id\":\"https:\/\/gethej.com\/de\/impressum\/#breadcrumb\",\"itemListElement\":[{\"@type\":\"ListItem\",\"position\":1,\"name\":\"Home\",\"item\":\"https:\/\/gethej.com\/de\/\"},{\"@type\":\"ListItem\",\"position\":2,\"name\":\"Impressum\"}]},{\"@type\":\"WebSite\",\"@id\":\"https:\/\/gethej.com\/de\/#website\",\"url\":\"https:\/\/gethej.com\/de\/\",\"name\":\"Hej CTI \u2013 Perfect Telephony Integration for your CRM\",\"description\":\"Integrates telephony with CRM and optimizes processes in sales and service\",\"publisher\":{\"@id\":\"https:\/\/gethej.com\/de\/#organization\"},\"potentialAction\":[{\"@type\":\"SearchAction\",\"target\":{\"@type\":\"EntryPoint\",\"urlTemplate\":\"https:\/\/gethej.com\/de\/?s={search_term_string}\"},\"query-input\":\"required name=search_term_string\"}],\"inLanguage\":\"de\"},{\"@type\":\"Organization\",\"@id\":\"https:\/\/gethej.com\/de\/#organization\",\"name\":\"Hej Software GmbH\",\"url\":\"https:\/\/gethej.com\/de\/\",\"logo\":{\"@type\":\"ImageObject\",\"inLanguage\":\"de\",\"@id\":\"https:\/\/gethej.com\/de\/#\/schema\/logo\/image\/\",\"url\":\"https:\/\/gethej.com\/wp-content\/uploads\/gethej_logo.jpg\",\"contentUrl\":\"https:\/\/gethej.com\/wp-content\/uploads\/gethej_logo.jpg\",\"width\":200,\"height\":200,\"caption\":\"Hej Software GmbH\"},\"image\":{\"@id\":\"https:\/\/gethej.com\/de\/#\/schema\/logo\/image\/\"}}]}<\/script>\n<!-- \/ Yoast SEO plugin. -->","yoast_head_json":{"title":"Impressum - Hej CTI \u2013 Perfect Telephony Integration for your CRM","robots":{"index":"index","follow":"follow","max-snippet":"max-snippet:-1","max-image-preview":"max-image-preview:large","max-video-preview":"max-video-preview:-1"},"canonical":"https:\/\/gethej.com\/de\/impressum\/","og_locale":"de_DE","og_type":"article","og_title":"Impressum - Hej CTI \u2013 Perfect Telephony Integration for your CRM","og_description":"Impressum Verantwortlicher i.S.d. \u00a7 5 Abs. 1 TMG: Hej Software GmbH Heilbronner Str. 13 73728 Esslingen Germany vertreten durch den Gesch\u00e4ftsf\u00fchrer Clemens von Dincklage Kontakt Telefon: +49 711 21950540 E-Mail: info[at]hejsoftware.com Registereintrag Register: Amtsgericht Stuttgart,&nbsp;HRB 756637 VAT Nummer: DE305982650 Bildmaterial Die Nutzung der verwendeten Bilder auf dieser Web Site erfolgt gem\u00e4\u00df den mit https:\/\/elements.envato.com\/ vereinbarten [&hellip;]","og_url":"https:\/\/gethej.com\/de\/impressum\/","og_site_name":"Hej CTI \u2013 Perfect Telephony Integration for your CRM","article_modified_time":"2024-11-22T09:49:34+00:00","og_image":[{"width":768,"height":403,"url":"https:\/\/gethej.com\/wp-content\/uploads\/hej-sales-cti-teaser-for-social-v2-ENG-768x403-1.jpg","type":"image\/jpeg"}],"twitter_card":"summary_large_image","twitter_misc":{"Gesch\u00e4tzte Lesezeit":"2\u00a0Minuten"},"schema":{"@context":"https:\/\/schema.org","@graph":[{"@type":"WebPage","@id":"https:\/\/gethej.com\/de\/impressum\/","url":"https:\/\/gethej.com\/de\/impressum\/","name":"Impressum - Hej CTI \u2013 Perfect Telephony Integration for your CRM","isPartOf":{"@id":"https:\/\/gethej.com\/de\/#website"},"datePublished":"2024-02-21T15:24:49+00:00","dateModified":"2024-11-22T09:49:34+00:00","breadcrumb":{"@id":"https:\/\/gethej.com\/de\/impressum\/#breadcrumb"},"inLanguage":"de","potentialAction":[{"@type":"ReadAction","target":["https:\/\/gethej.com\/de\/impressum\/"]}]},{"@type":"BreadcrumbList","@id":"https:\/\/gethej.com\/de\/impressum\/#breadcrumb","itemListElement":[{"@type":"ListItem","position":1,"name":"Home","item":"https:\/\/gethej.com\/de\/"},{"@type":"ListItem","position":2,"name":"Impressum"}]},{"@type":"WebSite","@id":"https:\/\/gethej.com\/de\/#website","url":"https:\/\/gethej.com\/de\/","name":"Hej CTI \u2013 Perfect Telephony Integration for your CRM","description":"Integrates telephony with CRM and optimizes processes in sales and service","publisher":{"@id":"https:\/\/gethej.com\/de\/#organization"},"potentialAction":[{"@type":"SearchAction","target":{"@type":"EntryPoint","urlTemplate":"https:\/\/gethej.com\/de\/?s={search_term_string}"},"query-input":"required name=search_term_string"}],"inLanguage":"de"},{"@type":"Organization","@id":"https:\/\/gethej.com\/de\/#organization","name":"Hej Software GmbH","url":"https:\/\/gethej.com\/de\/","logo":{"@type":"ImageObject","inLanguage":"de","@id":"https:\/\/gethej.com\/de\/#\/schema\/logo\/image\/","url":"https:\/\/gethej.com\/wp-content\/uploads\/gethej_logo.jpg","contentUrl":"https:\/\/gethej.com\/wp-content\/uploads\/gethej_logo.jpg","width":200,"height":200,"caption":"Hej Software GmbH"},"image":{"@id":"https:\/\/gethej.com\/de\/#\/schema\/logo\/image\/"}}]}},"_links":{"self":[{"href":"https:\/\/gethej.com\/de\/wp-json\/wp\/v2\/pages\/554"}],"collection":[{"href":"https:\/\/gethej.com\/de\/wp-json\/wp\/v2\/pages"}],"about":[{"href":"https:\/\/gethej.com\/de\/wp-json\/wp\/v2\/types\/page"}],"author":[{"embeddable":true,"href":"https:\/\/gethej.com\/de\/wp-json\/wp\/v2\/users\/1"}],"replies":[{"embeddable":true,"href":"https:\/\/gethej.com\/de\/wp-json\/wp\/v2\/comments?post=554"}],"version-history":[{"count":3,"href":"https:\/\/gethej.com\/de\/wp-json\/wp\/v2\/pages\/554\/revisions"}],"predecessor-version":[{"id":1449,"href":"https:\/\/gethej.com\/de\/wp-json\/wp\/v2\/pages\/554\/revisions\/1449"}],"wp:attachment":[{"href":"https:\/\/gethej.com\/de\/wp-json\/wp\/v2\/media?parent=554"}],"curies":[{"name":"wp","href":"https:\/\/api.w.org\/{rel}","templated":true}]}}